{"id":1057,"date":"2020-08-24T22:11:19","date_gmt":"2020-08-24T20:11:19","guid":{"rendered":"https:\/\/mvh-h.de\/?page_id=1057"},"modified":"2020-08-24T22:11:19","modified_gmt":"2020-08-24T20:11:19","slug":"datenschutzerklaerung","status":"publish","type":"page","link":"https:\/\/mv-hoerdt.de\/?page_id=1057","title":{"rendered":"Datenschutzerkl\u00e4rung"},"content":{"rendered":"\n<h4 class=\"wp-block-heading\">Geltungsbereich<\/h4>\n\n\n\n<h2 class=\"wp-block-heading\">1. Datenschutz auf einen Blick<\/h2>\n\n\n\n<h3 class=\"wp-block-heading\">Allgemeine Hinweise<\/h3>\n\n\n\n<p>Die folgenden Hinweise geben einen einfachen \u00dcberblick dar\u00fcber, was mit Ihren<br>personenbezogenen Daten passiert, wenn Sie diese Website besuchen.<br>Personenbezogene Daten sind alle Daten, mit denen Sie pers\u00f6nlich identifiziert<br>werden k\u00f6nnen. Ausf\u00fchrliche Informationen zum Thema Datenschutz entnehmen Sie<br>unserer unter diesem Text aufgef\u00fchrten Datenschutzerkl\u00e4rung.<\/p>\n\n\n\n<h3 class=\"wp-block-heading\">Datenerfassung auf dieser Website<\/h3>\n\n\n\n<h4 class=\"wp-block-heading\">Wer ist verantwortlich f\u00fcr die Datenerfassung auf dieser Website?<\/h4>\n\n\n\n<p>Die Datenverarbeitung auf dieser Website erfolgt durch den Websitebetreiber.<br>Dessen Kontaktdaten k\u00f6nnen Sie dem Impressum dieser Website entnehmen.<\/p>\n\n\n\n<h4 class=\"wp-block-heading\">Wie erfassen wir Ihre Daten?<\/h4>\n\n\n\n<p>Ihre Daten werden zum einen dadurch erhoben, dass Sie uns diese mitteilen. Hierbei<br>kann es sich z. B. um Daten handeln, die Sie in ein Kontaktformular eingeben.<br>Andere Daten werden automatisch oder nach Ihrer Einwilligung beim Besuch der<br>Website durch unsere IT-Systeme erfasst. Das sind vor allem technische Daten (z. B.<br>Internetbrowser, Betriebssystem oder Uhrzeit des Seitenaufrufs). Die Erfassung<br>dieser Daten erfolgt automatisch, sobald Sie diese Website betreten.<\/p>\n\n\n\n<h4 class=\"wp-block-heading\">Wof\u00fcr nutzen wir Ihre Daten?<\/h4>\n\n\n\n<p>Ein Teil der Daten wird erhoben, um eine fehlerfreie Bereitstellung der Website zu<br>gew\u00e4hrleisten. Andere Daten k\u00f6nnen zur Analyse Ihres Nutzerverhaltens verwendet<br>werden.<\/p>\n\n\n\n<h4 class=\"wp-block-heading\">Welche Rechte haben Sie bez\u00fcglich Ihrer Daten?<\/h4>\n\n\n\n<p>Sie haben jederzeit das Recht, unentgeltlich Auskunft \u00fcber Herkunft, Empf\u00e4nger und<br>Zweck Ihrer gespeicherten personenbezogenen Daten zu erhalten. Sie haben<br>au\u00dferdem ein Recht, die Berichtigung oder L\u00f6schung dieser Daten zu verlangen.<br>Wenn Sie eine Einwilligung zur Datenverarbeitung erteilt haben, k\u00f6nnen Sie diese<br>Einwilligung jederzeit f\u00fcr die Zukunft widerrufen. Au\u00dferdem haben Sie das Recht,<br>unter bestimmten Umst\u00e4nden die Einschr\u00e4nkung der Verarbeitung Ihrer<br>personenbezogenen Daten zu verlangen. Des Weiteren steht Ihnen ein<br>Beschwerderecht bei der zust\u00e4ndigen Aufsichtsbeh\u00f6rde zu.<\/p>\n\n\n\n<p>Hierzu sowie zu weiteren Fragen zum Thema Datenschutz k\u00f6nnen Sie sich jederzeit<br>unter der im Impressum angegebenen Adresse an uns wenden.<\/p>\n\n\n\n<h3 class=\"wp-block-heading\">Analyse-Tools und Tools von Drittanbietern<\/h3>\n\n\n\n<p>Beim Besuch dieser Website kann Ihr Surf-Verhalten statistisch ausgewertet werden.<br>Das geschieht vor allem mit Cookies und mit sogenannten Analyseprogrammen.<br>Detaillierte Informationen zu diesen Analyseprogrammen finden Sie in der folgenden<br>Datenschutzerkl\u00e4rung.<\/p>\n\n\n\n<h2 class=\"wp-block-heading\">2. Hosting und Content Delivery Networks (CDN)<\/h2>\n\n\n\n<h3 class=\"wp-block-heading\">Externes Hosting<\/h3>\n\n\n\n<p>Diese Website wird bei einem externen Dienstleister gehostet (Hoster). Die<br>personenbezogenen Daten, die auf dieser Website erfasst werden, werden auf den<br>Servern des Hosters gespeichert. Hierbei kann es sich v. a. um IP-Adressen,<br>Kontaktanfragen, Meta- und Kommunikationsdaten, Vertragsdaten, Kontaktdaten,<br>Namen, Webseitenzugriffe und sonstige Daten, die \u00fcber eine Website generiert<br>werden, handeln.<\/p>\n\n\n\n<p>Der Einsatz des Hosters erfolgt zum Zwecke der Vertragserf\u00fcllung gegen\u00fcber<br>unseren potenziellen und bestehenden Kunden (Art. 6 Abs. 1 lit. b DSGVO) und im<br>Interesse einer sicheren, schnellen und effizienten Bereitstellung unseres Online-<br>Angebots durch einen professionellen Anbieter (Art. 6 Abs. 1 lit. f DSGVO).<\/p>\n\n\n\n<p>Unser Hoster wird Ihre Daten nur insoweit verarbeiten, wie dies zur Erf\u00fcllung seiner<br>Leistungspflichten erforderlich ist und unsere Weisungen in Bezug auf diese Daten<br>befolgen.<br>Abschluss eines Vertrages \u00fcber Auftragsverarbeitung<br>Um die datenschutzkonforme Verarbeitung zu gew\u00e4hrleisten, haben wir einen<br>Vertrag \u00fcber Auftragsverarbeitung mit unserem Hoster geschlossen.<\/p>\n\n\n\n<h2 class=\"wp-block-heading\">3. Allgemeine Hinweise und Pflichtinformationen<\/h2>\n\n\n\n<h3 class=\"wp-block-heading\">Datenschutz<\/h3>\n\n\n\n<p>Die Betreiber dieser Seiten nehmen den Schutz Ihrer pers\u00f6nlichen Daten sehr ernst.<br>Wir behandeln Ihre personenbezogenen Daten vertraulich und entsprechend der<br>gesetzlichen Datenschutzvorschriften sowie dieser Datenschutzerkl\u00e4rung.<\/p>\n\n\n\n<p>Wenn Sie diese Website benutzen, werden verschiedene personenbezogene Daten<br>erhoben. Personenbezogene Daten sind Daten, mit denen Sie pers\u00f6nlich identifiziert<br>werden k\u00f6nnen. Die vorliegende Datenschutzerkl\u00e4rung erl\u00e4utert, welche Daten wir<br>erheben und wof\u00fcr wir sie nutzen. Sie erl\u00e4utert auch, wie und zu welchem Zweck das<br>geschieht.<\/p>\n\n\n\n<p>Wir weisen darauf hin, dass die Daten\u00fcbertragung im Internet (z. B. bei der<br>Kommunikation per E-Mail) Sicherheitsl\u00fccken aufweisen kann. Ein l\u00fcckenloser<br>Schutz der Daten vor dem Zugriff durch Dritte ist nicht m\u00f6glich.<\/p>\n\n\n\n<h3 class=\"wp-block-heading\">Hinweis zur verantwortlichen Stelle<\/h3>\n\n\n\n<p>Die verantwortliche Stelle f\u00fcr die Datenverarbeitung auf dieser Website ist:<\/p>\n\n\n\n<p>Musikverein \u201eHarmonie\u201c H\u00f6rdt<br>Wolfgang E\u00dfwein, Vorsitzender<br>Rheinaue 11<br>76771 H\u00f6rdt<\/p>\n\n\n\n<p>Verantwortliche Stelle ist die nat\u00fcrliche oder juristische Person, die allein oder<br>gemeinsam mit anderen \u00fcber die Zwecke und Mittel der Verarbeitung von<br>personenbezogenen Daten (z. B. Namen, E-Mail-Adressen o. \u00c4.) entscheidet.<\/p>\n\n\n\n<h3 class=\"wp-block-heading\">Widerruf Ihrer Einwilligung zur Datenverarbeitung<\/h3>\n\n\n\n<p>Viele Datenverarbeitungsvorg\u00e4nge sind nur mit Ihrer ausdr\u00fccklichen Einwilligung<br>m\u00f6glich. Sie k\u00f6nnen eine bereits erteilte Einwilligung jederzeit widerrufen. Dazu<br>reicht eine formlose Mitteilung per E-Mail an uns. Die Rechtm\u00e4\u00dfigkeit der bis zum<br>Widerruf erfolgten Datenverarbeitung bleibt vom Widerruf unber\u00fchrt.<\/p>\n\n\n\n<h3 class=\"wp-block-heading\">Widerspruchsrecht gegen die Datenerhebung in besonderen F\u00e4llen sowie<br>gegen Direktwerbung (Art. 21 DSGVO)<\/h3>\n\n\n\n<p>WENN DIE DATENVERARBEITUNG AUF GRUNDLAGE VON ART. 6 ABS. 1 LIT. E<br>ODER F DSGVO ERFOLGT, HABEN SIE JEDERZEIT DAS RECHT, AUS<br>GR\u00dcNDEN, DIE SICH AUS IHRER BESONDEREN SITUATION ERGEBEN,<br>GEGEN DIE VERARBEITUNG IHRER PERSONENBEZOGENEN DATEN<br>WIDERSPRUCH EINZULEGEN; DIES GILT AUCH F\u00dcR EIN AUF DIESE<br>BESTIMMUNGEN GEST\u00dcTZTES PROFILING. DIE JEWEILIGE<br>RECHTSGRUNDLAGE, AUF DENEN EINE VERARBEITUNG BERUHT,<br>ENTNEHMEN SIE DIESER DATENSCHUTZERKL\u00c4RUNG. WENN SIE<br>WIDERSPRUCH EINLEGEN, WERDEN WIR IHRE BETROFFENEN<br>PERSONENBEZOGENEN DATEN NICHT MEHR VERARBEITEN, ES SEI DENN,<br>WIR K\u00d6NNEN ZWINGENDE SCHUTZW\u00dcRDIGE GR\u00dcNDE F\u00dcR DIE<br>VERARBEITUNG NACHWEISEN, DIE IHRE INTERESSEN, RECHTE UND<br>FREIHEITEN \u00dcBERWIEGEN ODER DIE VERARBEITUNG DIENT DER<br>GELTENDMACHUNG, AUS\u00dcBUNG ODER VERTEIDIGUNG VON<br>RECHTSANSPR\u00dcCHEN (WIDERSPRUCH NACH ART. 21 ABS. 1 DSGVO).<br>WERDEN IHRE PERSONENBEZOGENEN DATEN VERARBEITET, UM<br>DIREKTWERBUNG ZU BETREIBEN, SO HABEN SIE DAS RECHT, JEDERZEIT<br>WIDERSPRUCH GEGEN DIE VERARBEITUNG SIE BETREFFENDER<br>PERSONENBEZOGENER DATEN ZUM ZWECKE DERARTIGER WERBUNG<br>EINZULEGEN; DIES GILT AUCH F\u00dcR DAS PROFILING, SOWEIT ES MIT<br>SOLCHER DIREKTWERBUNG IN VERBINDUNG STEHT. WENN SIE<\/p>\n\n\n\n<p>WIDERSPRECHEN, WERDEN IHRE PERSONENBEZOGENEN DATEN<br>ANSCHLIESSEND NICHT MEHR ZUM ZWECKE DER DIREKTWERBUNG<br>VERWENDET (WIDERSPRUCH NACH ART. 21 ABS. 2 DSGVO).<\/p>\n\n\n\n<h3 class=\"wp-block-heading\">Beschwerderecht bei der zust\u00e4ndigen Aufsichtsbeh\u00f6rde<\/h3>\n\n\n\n<p>Im Falle von Verst\u00f6\u00dfen gegen die DSGVO steht den Betroffenen ein<br>Beschwerderecht bei einer Aufsichtsbeh\u00f6rde, insbesondere in dem Mitgliedstaat<br>ihres gew\u00f6hnlichen Aufenthalts, ihres Arbeitsplatzes oder des Orts des<br>mutma\u00dflichen Versto\u00dfes zu. Das Beschwerderecht besteht unbeschadet<br>anderweitiger verwaltungsrechtlicher oder gerichtlicher Rechtsbehelfe.<br><\/p>\n\n\n\n<h3 class=\"wp-block-heading\">Recht auf Daten\u00fcbertragbarkeit<br><\/h3>\n\n\n\n<p>Sie haben das Recht, Daten, die wir auf Grundlage Ihrer Einwilligung oder in<br>Erf\u00fcllung eines Vertrags automatisiert verarbeiten, an sich oder an einen Dritten in<br>einem g\u00e4ngigen, maschinenlesbaren Format aush\u00e4ndigen zu lassen. Sofern Sie die<br>direkte \u00dcbertragung der Daten an einen anderen Verantwortlichen verlangen, erfolgt<br>dies nur, soweit es technisch machbar ist.<br><\/p>\n\n\n\n<h3 class=\"wp-block-heading\">SSL- bzw. TLS-Verschl\u00fcsselung<br><\/h3>\n\n\n\n<p>Diese Seite nutzt aus Sicherheitsgr\u00fcnden und zum Schutz der \u00dcbertragung<br>vertraulicher Inhalte, wie zum Beispiel Bestellungen oder Anfragen, die Sie an uns<br>als Seitenbetreiber senden, eine SSL- bzw. TLS-Verschl\u00fcsselung. Eine<br>verschl\u00fcsselte Verbindung erkennen Sie daran, dass die Adresszeile des Browsers<br>von \u201ehttp:\/\/\u201c auf \u201ehttps:\/\/\u201c wechselt und an dem Schloss-Symbol in Ihrer Browserzeile.<br>Wenn die SSL- bzw. TLS-Verschl\u00fcsselung aktiviert ist, k\u00f6nnen die Daten, die Sie an<br>uns \u00fcbermitteln, nicht von Dritten mitgelesen werden.<\/p>\n\n\n\n<h3 class=\"wp-block-heading\">Auskunft, L\u00f6schung und Berichtigung<\/h3>\n\n\n\n<p>Sie haben im Rahmen der geltenden gesetzlichen Bestimmungen jederzeit das<br>Recht auf unentgeltliche Auskunft \u00fcber Ihre gespeicherten personenbezogenen<br>Daten, deren Herkunft und Empf\u00e4nger und den Zweck der Datenverarbeitung und<br>ggf. ein Recht auf Berichtigung oder L\u00f6schung dieser Daten. Hierzu sowie zu<br>weiteren Fragen zum Thema personenbezogene Daten k\u00f6nnen Sie sich jederzeit<br>unter der im Impressum angegebenen Adresse an uns wenden.<\/p>\n\n\n\n<h3 class=\"wp-block-heading\">Recht auf Einschr\u00e4nkung der Verarbeitung<\/h3>\n\n\n\n<p>Sie haben das Recht, die Einschr\u00e4nkung der Verarbeitung Ihrer personenbezogenen<br>Daten zu verlangen. Hierzu k\u00f6nnen Sie sich jederzeit unter der im Impressum<br>angegebenen Adresse an uns wenden. Das Recht auf Einschr\u00e4nkung der<br>Verarbeitung besteht in folgenden F\u00e4llen:<\/p>\n\n\n\n<ul class=\"wp-block-list\"><li>Wenn Sie die Richtigkeit Ihrer bei uns gespeicherten personenbezogenen Daten bestreiten, ben\u00f6tigen wir in der Regel Zeit, um dies zu \u00fcberpr\u00fcfen. F\u00fcr die Dauer der<\/li><li>Pr\u00fcfung haben Sie das Recht, die Einschr\u00e4nkung der Verarbeitung Ihrer<br>personenbezogenen Daten zu verlangen.<\/li><li>Wenn die Verarbeitung Ihrer personenbezogenen Daten unrechtm\u00e4\u00dfig<br>geschah\/geschieht, k\u00f6nnen Sie statt der L\u00f6schung die Einschr\u00e4nkung der<br>Datenverarbeitung verlangen.<\/li><li>Wenn wir Ihre personenbezogenen Daten nicht mehr ben\u00f6tigen, Sie sie jedoch zur<br>Aus\u00fcbung, Verteidigung oder Geltendmachung von Rechtsanspr\u00fcchen ben\u00f6tigen,<br>haben Sie das Recht, statt der L\u00f6schung die Einschr\u00e4nkung der Verarbeitung Ihrer<br>personenbezogenen Daten zu verlangen.<\/li><li>Wenn Sie einen Widerspruch nach Art. 21 Abs. 1 DSGVO eingelegt haben, muss<br>eine Abw\u00e4gung zwischen Ihren und unseren Interessen vorgenommen werden.<br>Solange noch nicht feststeht, wessen Interessen \u00fcberwiegen, haben Sie das Recht,<br>die Einschr\u00e4nkung der Verarbeitung Ihrer personenbezogenen Daten zu verlangen.<\/li><\/ul>\n\n\n\n<p>Wenn Sie die Verarbeitung Ihrer personenbezogenen Daten eingeschr\u00e4nkt haben,<br>d\u00fcrfen diese Daten \u2013 von ihrer Speicherung abgesehen \u2013 nur mit Ihrer Einwilligung<br>oder zur Geltendmachung, Aus\u00fcbung oder Verteidigung von Rechtsanspr\u00fcchen oder<br>zum Schutz der Rechte einer anderen nat\u00fcrlichen oder juristischen Person oder aus<br>Gr\u00fcnden eines wichtigen \u00f6ffentlichen Interesses der Europ\u00e4ischen Union oder eines<br>Mitgliedstaats verarbeitet werden.<\/p>\n\n\n\n<h2 class=\"wp-block-heading\">4. Datenerfassung auf dieser Website<\/h2>\n\n\n\n<h3 class=\"wp-block-heading\">Cookies<\/h3>\n\n\n\n<p>Unsere Internetseiten verwenden so genannte \u201eCookies\u201c. Cookies sind kleine<br>Textdateien und richten auf Ihrem Endger\u00e4t keinen Schaden an. Sie werden<br>entweder vor\u00fcbergehend f\u00fcr die Dauer einer Sitzung (Session-Cookies) oder<br>dauerhaft (permanente Cookies) auf Ihrem Endger\u00e4t gespeichert. Session-Cookies<br>werden nach Ende Ihres Besuchs automatisch gel\u00f6scht. Permanente Cookies<br>bleiben auf Ihrem Endger\u00e4t gespeichert, bis Sie diese selbst l\u00f6schen oder eine<br>automatische L\u00f6schung durch Ihren Webbrowser erfolgt.<\/p>\n\n\n\n<p>Teilweise k\u00f6nnen auch Cookies von Drittunternehmen auf Ihrem Endger\u00e4t<br>gespeichert werden, wenn Sie unsere Seite betreten (Third-Party-Cookies). Diese<br>erm\u00f6glichen uns oder Ihnen die Nutzung bestimmter Dienstleistungen des<br>Drittunternehmens (z.B. Cookies zur Abwicklung von Zahlungsdienstleistungen).<\/p>\n\n\n\n<p>Cookies haben verschiedene Funktionen. Zahlreiche Cookies sind technisch<br>notwendig, da bestimmte Webseitenfunktionen ohne diese nicht funktionieren<br>w\u00fcrden (z.B. die Warenkorbfunktion oder die Anzeige von Videos). Andere Cookies<br>dienen dazu, das Nutzerverhalten auszuwerten oder Werbung anzuzeigen.<br>Cookies, die zur Durchf\u00fchrung des elektronischen Kommunikationsvorgangs<br>(notwendige Cookies) oder zur Bereitstellung bestimmter, von Ihnen erw\u00fcnschter<br>Funktionen (funktionale Cookies, z. B. f\u00fcr die Warenkorbfunktion) oder zur<br>Optimierung der Webseite (z.B. Cookies zur Messung des Webpublikums)<br>erforderlich sind, werden auf Grundlage von Art. 6 Abs. 1 lit. f DSGVO gespeichert,<br>sofern keine andere Rechtsgrundlage angegeben wird. Der Websitebetreiber hat ein<br>berechtigtes Interesse an der Speicherung von Cookies zur technisch fehlerfreien und optimierten Bereitstellung seiner Dienste. Sofern eine Einwilligung zur<br>Speicherung von Cookies abgefragt wurde, erfolgt die Speicherung der betreffenden<br>Cookies ausschlie\u00dflich auf Grundlage dieser Einwilligung (Art. 6 Abs. 1 lit. a<br>DSGVO); die Einwilligung ist jederzeit widerrufbar.<\/p>\n\n\n\n<p>Sie k\u00f6nnen Ihren Browser so einstellen, dass Sie \u00fcber das Setzen von Cookies<br>informiert werden und Cookies nur im Einzelfall erlauben, die Annahme von Cookies<br>f\u00fcr bestimmte F\u00e4lle oder generell ausschlie\u00dfen sowie das automatische L\u00f6schen der<br>Cookies beim Schlie\u00dfen des Browsers aktivieren. Bei der Deaktivierung von Cookies<br>kann die Funktionalit\u00e4t dieser Website eingeschr\u00e4nkt sein.<\/p>\n\n\n\n<p>Soweit Cookies von Drittunternehmen oder zu Analysezwecken eingesetzt werden,<br>werden wir Sie hier\u00fcber im Rahmen dieser Datenschutzerkl\u00e4rung gesondert<br>informieren und ggf. eine Einwilligung abfragen.<\/p>\n\n\n\n<h3 class=\"wp-block-heading\">Server-Log-Dateien<\/h3>\n\n\n\n<p>Der Provider der Seiten erhebt und speichert automatisch Informationen in so<br>genannten Server-Log-Dateien, die Ihr Browser automatisch an uns \u00fcbermittelt. Dies<br>sind:<\/p>\n\n\n\n<ul class=\"wp-block-list\"><li>Browsertyp und Browserversion<\/li><li>verwendetes Betriebssystem<\/li><li>Referrer URL<\/li><li>Hostname des zugreifenden Rechners<\/li><li>Uhrzeit der Serveranfrage<\/li><li>IP-Adresse<\/li><\/ul>\n\n\n\n<p>Eine Zusammenf\u00fchrung dieser Daten mit anderen Datenquellen wird nicht<br>vorgenommen.<\/p>\n\n\n\n<p>Die Erfassung dieser Daten erfolgt auf Grundlage von Art. 6 Abs. 1 lit. f DSGVO. Der<br>Websitebetreiber hat ein berechtigtes Interesse an der technisch fehlerfreien<br>Darstellung und der Optimierung seiner Website \u2013 hierzu m\u00fcssen die Server-Log-<br>Files erfasst werden.<\/p>\n\n\n\n<h3 class=\"wp-block-heading\">Kontaktformular<\/h3>\n\n\n\n<p>Wenn Sie uns per Kontaktformular Anfragen zukommen lassen, werden Ihre<br>Angaben aus dem Anfrageformular inklusive der von Ihnen dort angegebenen<br>Kontaktdaten zwecks Bearbeitung der Anfrage und f\u00fcr den Fall von Anschlussfragen<br>bei uns gespeichert. Diese Daten geben wir nicht ohne Ihre Einwilligung weiter.<br>Die Verarbeitung dieser Daten erfolgt auf Grundlage von Art. 6 Abs. 1 lit. b DSGVO,<br>sofern Ihre Anfrage mit der Erf\u00fcllung eines Vertrags zusammenh\u00e4ngt oder zur<br>Durchf\u00fchrung vorvertraglicher Ma\u00dfnahmen erforderlich ist. In allen \u00fcbrigen F\u00e4llen<br>beruht die Verarbeitung auf unserem berechtigten Interesse an der effektiven<br>Bearbeitung der an uns gerichteten Anfragen (Art. 6 Abs. 1 lit. f DSGVO) oder auf<br>Ihrer Einwilligung (Art. 6 Abs. 1 lit. a DSGVO) sofern diese abgefragt wurde.<\/p>\n\n\n\n<p>Die von Ihnen im Kontaktformular eingegebenen Daten verbleiben bei uns, bis Sie<br>uns zur L\u00f6schung auffordern, Ihre Einwilligung zur Speicherung widerrufen oder der<br>Zweck f\u00fcr die Datenspeicherung entf\u00e4llt (z. B. nach abgeschlossener Bearbeitung<br>Ihrer Anfrage). Zwingende gesetzliche Bestimmungen \u2013 insbesondere<br>Aufbewahrungsfristen \u2013 bleiben unber\u00fchrt.<\/p>\n\n\n\n<h3 class=\"wp-block-heading\">Anfrage per E-Mail, Telefon oder Telefax<\/h3>\n\n\n\n<p>Wenn Sie uns per E-Mail, Telefon oder Telefax kontaktieren, wird Ihre Anfrage<br>inklusive aller daraus hervorgehenden personenbezogenen Daten (Name, Anfrage)<br>zum Zwecke der Bearbeitung Ihres Anliegens bei uns gespeichert und verarbeitet.<br>Diese Daten geben wir nicht ohne Ihre Einwilligung weiter.<br>Die Verarbeitung dieser Daten erfolgt auf Grundlage von Art. 6 Abs. 1 lit. b DSGVO,<br>sofern Ihre Anfrage mit der Erf\u00fcllung eines Vertrags zusammenh\u00e4ngt oder zur<br>Durchf\u00fchrung vorvertraglicher Ma\u00dfnahmen erforderlich ist. In allen \u00fcbrigen F\u00e4llen<br>beruht die Verarbeitung auf unserem berechtigten Interesse an der effektiven<br>Bearbeitung der an uns gerichteten Anfragen (Art. 6 Abs. 1 lit. f DSGVO) oder auf<br>Ihrer Einwilligung (Art. 6 Abs. 1 lit. a DSGVO) sofern diese abgefragt wurde.<\/p>\n\n\n\n<p>Die von Ihnen an uns per Kontaktanfragen \u00fcbersandten Daten verbleiben bei uns,<br>bis Sie uns zur L\u00f6schung auffordern, Ihre Einwilligung zur Speicherung widerrufen<br>oder der Zweck f\u00fcr die Datenspeicherung entf\u00e4llt (z. B. nach abgeschlossener<br>Bearbeitung Ihres Anliegens). Zwingende gesetzliche Bestimmungen \u2013 insbesondere<br>gesetzliche Aufbewahrungsfristen \u2013 bleiben unber\u00fchrt.<\/p>\n\n\n\n<h2 class=\"wp-block-heading\">5. Plugins und Tools<\/h2>\n\n\n\n<h3 class=\"wp-block-heading\">YouTube mit erweitertem Datenschutz<\/h3>\n\n\n\n<p>Diese Website bindet Videos der YouTube ein. Betreiber der Seiten ist die Google<br>Ireland Limited (\u201eGoogle\u201c), Gordon House, Barrow Street, Dublin 4, Irland.<\/p>\n\n\n\n<p>Wir nutzen YouTube im erweiterten Datenschutzmodus. Dieser Modus bewirkt laut<br>YouTube, dass YouTube keine Informationen \u00fcber die Besucher auf dieser Website<br>speichert, bevor diese sich das Video ansehen. Die Weitergabe von Daten an<br>YouTube-Partner wird durch den erweiterten Datenschutzmodus hingegen nicht<br>zwingend ausgeschlossen. So stellt YouTube \u2013 unabh\u00e4ngig davon, ob Sie sich ein<br>Video ansehen \u2013 eine Verbindung zum Google DoubleClick-Netzwerk her.<\/p>\n\n\n\n<p>Sobald Sie ein YouTube-Video auf dieser Website starten, wird eine Verbindung zu<br>den Servern von YouTube hergestellt. Dabei wird dem YouTube-Server mitgeteilt,<br>welche unserer Seiten Sie besucht haben. Wenn Sie in Ihrem YouTube-Account<br>eingeloggt sind, erm\u00f6glichen Sie YouTube, Ihr Surfverhalten direkt Ihrem<br>pers\u00f6nlichen Profil zuzuordnen. Dies k\u00f6nnen Sie verhindern, indem Sie sich aus<br>Ihrem YouTube-Account ausloggen.<\/p>\n\n\n\n<p>Des Weiteren kann YouTube nach Starten eines Videos verschiedene Cookies auf<br>Ihrem Endger\u00e4t speichern. Mit Hilfe dieser Cookies kann YouTube Informationen \u00fcber Besucher dieser Website erhalten. Diese Informationen werden u. a. verwendet,<br>um Videostatistiken zu erfassen, die Anwenderfreundlichkeit zu verbessern und<br>Betrugsversuchen vorzubeugen. Die Cookies verbleiben auf Ihrem Endger\u00e4t, bis Sie<br>sie l\u00f6schen.<\/p>\n\n\n\n<p>Gegebenenfalls k\u00f6nnen nach dem Start eines YouTube-Videos weitere<br>Datenverarbeitungsvorg\u00e4nge ausgel\u00f6st werden, auf die wir keinen Einfluss haben.<\/p>\n\n\n\n<p>Die Nutzung von YouTube erfolgt im Interesse einer ansprechenden Darstellung<br>unserer Online-Angebote. Dies stellt ein berechtigtes Interesse im Sinne von Art. 6<br>Abs. 1 lit. f DSGVO dar. Sofern eine entsprechende Einwilligung abgefragt wurde,<br>erfolgt die Verarbeitung ausschlie\u00dflich auf Grundlage von Art. 6 Abs. 1 lit. a DSGVO;<br>die Einwilligung ist jederzeit widerrufbar.<\/p>\n\n\n\n<p>Weitere Informationen \u00fcber Datenschutz bei YouTube finden Sie in deren<br>Datenschutzerkl\u00e4rung unter: https:\/\/policies.google.com\/privacy?hl=de.<\/p>\n\n\n\n<h3 class=\"wp-block-heading\">Google reCAPTCHA<\/h3>\n\n\n\n<p>Wir nutzen \u201eGoogle reCAPTCHA\u201c (im Folgenden \u201ereCAPTCHA\u201c) auf dieser Website.<br>Anbieter ist die Google Ireland Limited (\u201eGoogle\u201c), Gordon House, Barrow Street,<br>Dublin 4, Irland.<\/p>\n\n\n\n<p>Mit reCAPTCHA soll \u00fcberpr\u00fcft werden, ob die Dateneingabe auf dieser Website<br>(z. B. in einem Kontaktformular) durch einen Menschen oder durch ein<br>automatisiertes Programm erfolgt. Hierzu analysiert reCAPTCHA das Verhalten des<br>Websitebesuchers anhand verschiedener Merkmale. Diese Analyse beginnt<br>automatisch, sobald der Websitebesucher die Website betritt. Zur Analyse wertet<br>reCAPTCHA verschiedene Informationen aus (z. B. IP-Adresse, Verweildauer des<br>Websitebesuchers auf der Website oder vom Nutzer get\u00e4tigte Mausbewegungen).<br>Die bei der Analyse erfassten Daten werden an Google weitergeleitet.<\/p>\n\n\n\n<p>Die reCAPTCHA-Analysen laufen vollst\u00e4ndig im Hintergrund. Websitebesucher<br>werden nicht darauf hingewiesen, dass eine Analyse stattfindet.<\/p>\n\n\n\n<p>Die Speicherung und Analyse der Daten erfolgt auf Grundlage von Art. 6 Abs. 1 lit. f<br>DSGVO. Der Websitebetreiber hat ein berechtigtes Interesse daran, seine<br>Webangebote vor missbr\u00e4uchlicher automatisierter Aussp\u00e4hung und vor SPAM zu<br>sch\u00fctzen. Sofern eine entsprechende Einwilligung abgefragt wurde (z. B. eine<br>Einwilligung zur Speicherung von Cookies), erfolgt die Verarbeitung ausschlie\u00dflich<br>auf Grundlage von Art. 6 Abs. 1 lit. a DSGVO; die Einwilligung ist jederzeit<br>widerrufbar.<\/p>\n\n\n\n<p>Weitere Informationen zu Google reCAPTCHA entnehmen Sie den Google-<br>Datenschutzbestimmungen und den Google Nutzungsbedingungen unter folgenden<br>Links: https:\/\/policies.google.com\/privacy?hl=de und https:\/\/policies.google.com\/term<br>s?hl=de.<\/p>\n\n\n\n<p>Quelle: e-recht24.de<\/p>\n","protected":false},"excerpt":{"rendered":"<p>Geltungsbereich 1. Datenschutz auf einen Blick Allgemeine Hinweise Die folgenden Hinweise geben einen einfachen \u00dcberblick dar\u00fcber, was mit Ihrenpersonenbezogenen Daten passiert, wenn Sie diese Website besuchen.Personenbezogene Daten sind alle Daten, mit denen Sie pers\u00f6nlich identifiziertwerden k\u00f6nnen. Ausf\u00fchrliche Informationen zum Thema Datenschutz entnehmen Sieunserer unter diesem Text aufgef\u00fchrten Datenschutzerkl\u00e4rung. Datenerfassung auf dieser Website Wer ist verantwortlich &hellip; <\/p>\n<p class=\"link-more\"><a href=\"https:\/\/mv-hoerdt.de\/?page_id=1057\" class=\"more-link\"><span class=\"screen-reader-text\">\u201eDatenschutzerkl\u00e4rung\u201c <\/span>weiterlesen<\/a><\/p>\n","protected":false},"author":2,"featured_media":0,"parent":0,"menu_order":0,"comment_status":"closed","ping_status":"closed","template":"","meta":{"footnotes":""},"class_list":["post-1057","page","type-page","status-publish","hentry"],"_links":{"self":[{"href":"https:\/\/mv-hoerdt.de\/index.php?rest_route=\/wp\/v2\/pages\/1057","targetHints":{"allow":["GET"]}}],"collection":[{"href":"https:\/\/mv-hoerdt.de\/index.php?rest_route=\/wp\/v2\/pages"}],"about":[{"href":"https:\/\/mv-hoerdt.de\/index.php?rest_route=\/wp\/v2\/types\/page"}],"author":[{"embeddable":true,"href":"https:\/\/mv-hoerdt.de\/index.php?rest_route=\/wp\/v2\/users\/2"}],"replies":[{"embeddable":true,"href":"https:\/\/mv-hoerdt.de\/index.php?rest_route=%2Fwp%2Fv2%2Fcomments&post=1057"}],"version-history":[{"count":2,"href":"https:\/\/mv-hoerdt.de\/index.php?rest_route=\/wp\/v2\/pages\/1057\/revisions"}],"predecessor-version":[{"id":1059,"href":"https:\/\/mv-hoerdt.de\/index.php?rest_route=\/wp\/v2\/pages\/1057\/revisions\/1059"}],"wp:attachment":[{"href":"https:\/\/mv-hoerdt.de\/index.php?rest_route=%2Fwp%2Fv2%2Fmedia&parent=1057"}],"curies":[{"name":"wp","href":"https:\/\/api.w.org\/{rel}","templated":true}]}}