{"id":132,"date":"2020-06-06T10:46:26","date_gmt":"2020-06-06T08:46:26","guid":{"rendered":"https:\/\/mvh-h.de\/?page_id=132"},"modified":"2020-06-11T13:28:55","modified_gmt":"2020-06-11T11:28:55","slug":"presse","status":"publish","type":"page","link":"https:\/\/mv-hoerdt.de\/?page_id=132","title":{"rendered":"Presse"},"content":{"rendered":"<ul class=\"wp-block-latest-posts__list has-dates wp-block-latest-posts\"><li><a class=\"wp-block-latest-posts__post-title\" href=\"https:\/\/mv-hoerdt.de\/?p=1709\">Einladung zur H\u00f6rdter Kerwe<\/a><time datetime=\"2023-07-23T19:49:28+02:00\" class=\"wp-block-latest-posts__post-date\">Juli 23, 2023<\/time><div class=\"wp-block-latest-posts__post-excerpt\">Der F\u00f6rderverein des Musikverein \u201eHarmonie\u201c H\u00f6rdt e.V. l\u00e4dt wieder vom 26. \u2013 29. August ins Kerwezelt ein! Neben k\u00fchlen Getr\u00e4nken bieten wir unter anderem Steak, Bratwurst, Leberkn\u00f6del, Wurstsalat, Schafsk\u00e4se oder Currywurst an. Die Schenken \u00f6ffnen Samstags nach dem \u00f6kumenischen Gottesdienst auf dem Festplatz. Sonntags sind wir ab 11:00 Uhr f\u00fcr euch da. F\u00fcr Unterhaltung werden &hellip; <p class=\"link-more\"><a href=\"https:\/\/mv-hoerdt.de\/?p=1709\" class=\"more-link\"><span class=\"screen-reader-text\">\u201eEinladung zur H\u00f6rdter Kerwe\u201c <\/span>weiterlesen<\/a><\/p><\/div><\/li>\n<li><a class=\"wp-block-latest-posts__post-title\" href=\"https:\/\/mv-hoerdt.de\/?p=1354\">Ideenwerkstatt Magic Circus<\/a><time datetime=\"2022-11-29T21:36:04+01:00\" class=\"wp-block-latest-posts__post-date\">November 29, 2022<\/time><div class=\"wp-block-latest-posts__post-excerpt\">Zauberhafter Aktionstag mit Musik \/ Die magische Kraft der Musik Nach drei Jahren ohne Konzert und gemeinsames Ziel nutzte der Musikverein Harmonie H\u00f6rdt eine F\u00f6rderung durch das F\u00f6rderprogramm Impuls, um aus einer langgehegten Projektidee eine gro\u00dfe Werbeaktion f\u00fcr den Verein zu machen. Das Konzept ging auf: mit mitrei\u00dfender Musik, Magie und Zauberei gelang es, die &hellip; <p class=\"link-more\"><a href=\"https:\/\/mv-hoerdt.de\/?p=1354\" class=\"more-link\"><span class=\"screen-reader-text\">\u201eIdeenwerkstatt Magic Circus\u201c <\/span>weiterlesen<\/a><\/p><\/div><\/li>\n<li><a class=\"wp-block-latest-posts__post-title\" href=\"https:\/\/mv-hoerdt.de\/?p=1345\">Kleines Kirchenkonzert und Standkonzert<\/a><time datetime=\"2022-10-19T22:08:36+02:00\" class=\"wp-block-latest-posts__post-date\">Oktober 19, 2022<\/time><div class=\"wp-block-latest-posts__post-excerpt\">Am Samstagabend, 29.10.2022, umrahmt das Orchester des MV &#8222;Harmonie&#8220; den Gedenkgottesdienst zu ehren aller verstorbenen und lebenden Vereinsmitglieder. Zu diesem Anlass wird das Orchester in der Pfarrkirche in H\u00f6rdt ab 17:40 Uhr musikalisch einstimmen. Die anschlie\u00dfende Messe gestalten die Musiker unter der Leitung von Matthias Wolf durch weitere&nbsp;Instrumentalst\u00fccke und die Begleitung der Gemeindeges\u00e4nge. Im Anschluss &hellip; <p class=\"link-more\"><a href=\"https:\/\/mv-hoerdt.de\/?p=1345\" class=\"more-link\"><span class=\"screen-reader-text\">\u201eKleines Kirchenkonzert und Standkonzert\u201c <\/span>weiterlesen<\/a><\/p><\/div><\/li>\n<li><div class=\"wp-block-latest-posts__featured-image alignright\"><img loading=\"lazy\" decoding=\"async\" width=\"400\" height=\"400\" src=\"https:\/\/mv-hoerdt.de\/wp-content\/uploads\/2022\/05\/2022_Plakat-Pfingstmatinee-400x400.png\" class=\"attachment-thumbnail size-thumbnail wp-post-image\" alt=\"\" style=\"max-width:150px;max-height:150px;\" srcset=\"https:\/\/mv-hoerdt.de\/wp-content\/uploads\/2022\/05\/2022_Plakat-Pfingstmatinee-400x400.png 400w, https:\/\/mv-hoerdt.de\/wp-content\/uploads\/2022\/05\/2022_Plakat-Pfingstmatinee-100x100.png 100w\" sizes=\"auto, 100vw\" \/><\/div><a class=\"wp-block-latest-posts__post-title\" href=\"https:\/\/mv-hoerdt.de\/?p=1282\">Pfingstmatinee<\/a><time datetime=\"2022-05-17T13:59:29+02:00\" class=\"wp-block-latest-posts__post-date\">Mai 17, 2022<\/time><div class=\"wp-block-latest-posts__post-excerpt\">An Pfingstsonntag, den 5. Juni l\u00e4dt der Musikverein \u201eHarmonie&#8220; H\u00f6rdt e. V. Sie herzlich zu einer Matin\u00e9e auf dem Vorplatz der katholischen Pfarrkirche in H\u00f6rdt ein. Der Beginn ist um 10:15 Uhr, im Anschluss&nbsp;an den&nbsp;Gottesdienst. Unser Dirigent Matthias Wolf hat mit dem Orchester ein abwechslungsreiches und ansprechendes Programm einstudiert. Der Eintritt ist frei und es &hellip; <p class=\"link-more\"><a href=\"https:\/\/mv-hoerdt.de\/?p=1282\" class=\"more-link\"><span class=\"screen-reader-text\">\u201ePfingstmatinee\u201c <\/span>weiterlesen<\/a><\/p><\/div><\/li>\n<li><a class=\"wp-block-latest-posts__post-title\" href=\"https:\/\/mv-hoerdt.de\/?p=1191\">Heilige Messe und Trauermusik<\/a><time datetime=\"2020-10-12T16:41:25+02:00\" class=\"wp-block-latest-posts__post-date\">Oktober 12, 2020<\/time><div class=\"wp-block-latest-posts__post-excerpt\">Auch in diesem Jahr laden wir Sie herzlich zur heiligen Messe zu Ehren aller verstorbenen und lebenden Mitglieder des Musikvereins \u201eHarmonie\u201c H\u00f6rdt ein. Der Gedenkgottesdienst findet am 31.10.2020 um 18:00 Uhr in der kath. Pfarrkirche St. Georg in H\u00f6rdt statt und wird von verschiedenen Ensembles des MVH begleitet. Wie gewohnt werden wir Sie vor der &hellip; <p class=\"link-more\"><a href=\"https:\/\/mv-hoerdt.de\/?p=1191\" class=\"more-link\"><span class=\"screen-reader-text\">\u201eHeilige Messe und Trauermusik\u201c <\/span>weiterlesen<\/a><\/p><\/div><\/li>\n<\/ul>\n\n\n<div style=\"height:29px\" aria-hidden=\"true\" class=\"wp-block-spacer\"><\/div>\n\n\n\n<hr class=\"wp-block-separator\"\/>\n\n\n\n<div style=\"height:29px\" aria-hidden=\"true\" class=\"wp-block-spacer\"><\/div>\n\n\n\n<p>Archiv:<\/p>\n\n\n<ul class=\"wp-block-archives-list alignleft wp-block-archives\">\t<li><a href='https:\/\/mv-hoerdt.de\/?m=202601'>Januar 2026<\/a>&nbsp;(1)<\/li>\n\t<li><a href='https:\/\/mv-hoerdt.de\/?m=202511'>November 2025<\/a>&nbsp;(1)<\/li>\n\t<li><a href='https:\/\/mv-hoerdt.de\/?m=202510'>Oktober 2025<\/a>&nbsp;(2)<\/li>\n\t<li><a href='https:\/\/mv-hoerdt.de\/?m=202509'>September 2025<\/a>&nbsp;(1)<\/li>\n\t<li><a href='https:\/\/mv-hoerdt.de\/?m=202508'>August 2025<\/a>&nbsp;(2)<\/li>\n\t<li><a href='https:\/\/mv-hoerdt.de\/?m=202506'>Juni 2025<\/a>&nbsp;(1)<\/li>\n\t<li><a href='https:\/\/mv-hoerdt.de\/?m=202504'>April 2025<\/a>&nbsp;(1)<\/li>\n\t<li><a href='https:\/\/mv-hoerdt.de\/?m=202412'>Dezember 2024<\/a>&nbsp;(1)<\/li>\n\t<li><a href='https:\/\/mv-hoerdt.de\/?m=202411'>November 2024<\/a>&nbsp;(1)<\/li>\n\t<li><a href='https:\/\/mv-hoerdt.de\/?m=202410'>Oktober 2024<\/a>&nbsp;(2)<\/li>\n\t<li><a href='https:\/\/mv-hoerdt.de\/?m=202409'>September 2024<\/a>&nbsp;(1)<\/li>\n\t<li><a href='https:\/\/mv-hoerdt.de\/?m=202406'>Juni 2024<\/a>&nbsp;(1)<\/li>\n\t<li><a href='https:\/\/mv-hoerdt.de\/?m=202405'>Mai 2024<\/a>&nbsp;(2)<\/li>\n\t<li><a href='https:\/\/mv-hoerdt.de\/?m=202404'>April 2024<\/a>&nbsp;(3)<\/li>\n\t<li><a href='https:\/\/mv-hoerdt.de\/?m=202403'>M\u00e4rz 2024<\/a>&nbsp;(1)<\/li>\n\t<li><a href='https:\/\/mv-hoerdt.de\/?m=202310'>Oktober 2023<\/a>&nbsp;(1)<\/li>\n\t<li><a href='https:\/\/mv-hoerdt.de\/?m=202309'>September 2023<\/a>&nbsp;(3)<\/li>\n\t<li><a href='https:\/\/mv-hoerdt.de\/?m=202307'>Juli 2023<\/a>&nbsp;(1)<\/li>\n\t<li><a href='https:\/\/mv-hoerdt.de\/?m=202306'>Juni 2023<\/a>&nbsp;(1)<\/li>\n\t<li><a href='https:\/\/mv-hoerdt.de\/?m=202305'>Mai 2023<\/a>&nbsp;(1)<\/li>\n\t<li><a href='https:\/\/mv-hoerdt.de\/?m=202304'>April 2023<\/a>&nbsp;(1)<\/li>\n\t<li><a href='https:\/\/mv-hoerdt.de\/?m=202303'>M\u00e4rz 2023<\/a>&nbsp;(1)<\/li>\n\t<li><a href='https:\/\/mv-hoerdt.de\/?m=202211'>November 2022<\/a>&nbsp;(1)<\/li>\n\t<li><a href='https:\/\/mv-hoerdt.de\/?m=202210'>Oktober 2022<\/a>&nbsp;(1)<\/li>\n\t<li><a href='https:\/\/mv-hoerdt.de\/?m=202209'>September 2022<\/a>&nbsp;(1)<\/li>\n\t<li><a href='https:\/\/mv-hoerdt.de\/?m=202208'>August 2022<\/a>&nbsp;(1)<\/li>\n\t<li><a href='https:\/\/mv-hoerdt.de\/?m=202206'>Juni 2022<\/a>&nbsp;(2)<\/li>\n\t<li><a href='https:\/\/mv-hoerdt.de\/?m=202205'>Mai 2022<\/a>&nbsp;(1)<\/li>\n\t<li><a href='https:\/\/mv-hoerdt.de\/?m=202110'>Oktober 2021<\/a>&nbsp;(1)<\/li>\n\t<li><a href='https:\/\/mv-hoerdt.de\/?m=202108'>August 2021<\/a>&nbsp;(1)<\/li>\n\t<li><a href='https:\/\/mv-hoerdt.de\/?m=202107'>Juli 2021<\/a>&nbsp;(2)<\/li>\n\t<li><a href='https:\/\/mv-hoerdt.de\/?m=202010'>Oktober 2020<\/a>&nbsp;(4)<\/li>\n\t<li><a href='https:\/\/mv-hoerdt.de\/?m=202009'>September 2020<\/a>&nbsp;(2)<\/li>\n\t<li><a href='https:\/\/mv-hoerdt.de\/?m=202008'>August 2020<\/a>&nbsp;(1)<\/li>\n\t<li><a href='https:\/\/mv-hoerdt.de\/?m=202007'>Juli 2020<\/a>&nbsp;(1)<\/li>\n\t<li><a href='https:\/\/mv-hoerdt.de\/?m=202006'>Juni 2020<\/a>&nbsp;(1)<\/li>\n\t<li><a href='https:\/\/mv-hoerdt.de\/?m=201912'>Dezember 2019<\/a>&nbsp;(1)<\/li>\n\t<li><a href='https:\/\/mv-hoerdt.de\/?m=201911'>November 2019<\/a>&nbsp;(1)<\/li>\n\t<li><a href='https:\/\/mv-hoerdt.de\/?m=201909'>September 2019<\/a>&nbsp;(1)<\/li>\n\t<li><a href='https:\/\/mv-hoerdt.de\/?m=201906'>Juni 2019<\/a>&nbsp;(1)<\/li>\n\t<li><a href='https:\/\/mv-hoerdt.de\/?m=201905'>Mai 2019<\/a>&nbsp;(1)<\/li>\n\t<li><a href='https:\/\/mv-hoerdt.de\/?m=201812'>Dezember 2018<\/a>&nbsp;(1)<\/li>\n\t<li><a href='https:\/\/mv-hoerdt.de\/?m=201805'>Mai 2018<\/a>&nbsp;(1)<\/li>\n\t<li><a href='https:\/\/mv-hoerdt.de\/?m=201705'>Mai 2017<\/a>&nbsp;(1)<\/li>\n<\/ul>","protected":false},"excerpt":{"rendered":"<p>Archiv:<\/p>\n","protected":false},"author":3,"featured_media":0,"parent":0,"menu_order":0,"comment_status":"closed","ping_status":"closed","template":"","meta":{"footnotes":""},"class_list":["post-132","page","type-page","status-publish","hentry"],"_links":{"self":[{"href":"https:\/\/mv-hoerdt.de\/index.php?rest_route=\/wp\/v2\/pages\/132","targetHints":{"allow":["GET"]}}],"collection":[{"href":"https:\/\/mv-hoerdt.de\/index.php?rest_route=\/wp\/v2\/pages"}],"about":[{"href":"https:\/\/mv-hoerdt.de\/index.php?rest_route=\/wp\/v2\/types\/page"}],"author":[{"embeddable":true,"href":"https:\/\/mv-hoerdt.de\/index.php?rest_route=\/wp\/v2\/users\/3"}],"replies":[{"embeddable":true,"href":"https:\/\/mv-hoerdt.de\/index.php?rest_route=%2Fwp%2Fv2%2Fcomments&post=132"}],"version-history":[{"count":13,"href":"https:\/\/mv-hoerdt.de\/index.php?rest_route=\/wp\/v2\/pages\/132\/revisions"}],"predecessor-version":[{"id":523,"href":"https:\/\/mv-hoerdt.de\/index.php?rest_route=\/wp\/v2\/pages\/132\/revisions\/523"}],"wp:attachment":[{"href":"https:\/\/mv-hoerdt.de\/index.php?rest_route=%2Fwp%2Fv2%2Fmedia&parent=132"}],"curies":[{"name":"wp","href":"https:\/\/api.w.org\/{rel}","templated":true}]}}