{"id":313,"date":"2020-06-09T10:28:46","date_gmt":"2020-06-09T08:28:46","guid":{"rendered":"https:\/\/mvh-h.de\/?page_id=313"},"modified":"2025-06-10T21:29:13","modified_gmt":"2025-06-10T19:29:13","slug":"besetzung","status":"publish","type":"page","link":"https:\/\/mv-hoerdt.de\/?page_id=313","title":{"rendered":"Besetzung"},"content":{"rendered":"\n<div class=\"wp-block-columns is-layout-flex wp-container-core-columns-is-layout-9d6595d7 wp-block-columns-is-layout-flex\">\n<div class=\"wp-block-column is-layout-flow wp-block-column-is-layout-flow\">\n<h4 class=\"wp-block-heading\">Querfl\u00f6te<\/h4>\n\n\n\n<p>Sabine Doll<br>Lara Fischer<br>Andrea Goldt  <br>Anna Liebel<br>Anja Wolf<\/p>\n\n\n\n<h4 class=\"wp-block-heading\">Oboe<\/h4>\n\n\n\n<p>Marlon Fischer<br>Jasmin Krefter<\/p>\n\n\n\n<h4 class=\"wp-block-heading\">Fagott<\/h4>\n\n\n\n<p>Francisco Concei\u00e7ao<\/p>\n\n\n\n<h4 class=\"wp-block-heading\">Klarinette<\/h4>\n\n\n\n<div class=\"wp-block-group\"><div class=\"wp-block-group__inner-container is-layout-constrained wp-block-group-is-layout-constrained\">\n<p>Christoph Becky<br>Sandra Bodenseh<br>Barbara Doll<br>Jakob Fosselmann<br>Sebastian Fuchs<br>Benjamin Kr\u00f6per<br>Laura Moser<br>Patrik We\u00dfling<br>Jochen Wolf<\/p>\n<\/div><\/div>\n<\/div>\n\n\n\n<div class=\"wp-block-column is-layout-flow wp-block-column-is-layout-flow\">\n<h4 class=\"wp-block-heading\">Bassklarinette<\/h4>\n\n\n\n<p>Jens Kern<\/p>\n\n\n\n<h4 class=\"wp-block-heading\">Saxophon<\/h4>\n\n\n\n<p>Lena Armbr\u00fcster (Alt)<br>Elias Fosselmann (Alt) <br>Ralf Gehrlein (Tenor)<br>Julia H\u00f6fer (Alt)<br>Torsten H\u00f6fer (Alt)<br>Clara Stipp (Alt)<br>Laura Werling (Bariton)<\/p>\n\n\n\n<h4 class=\"wp-block-heading\">Trompete\/Fl\u00fcgelhorn<\/h4>\n\n\n\n<p>Finja Auer <br>Alexander Becht<br>Moritz Buttweiler<br>Wolfgang E\u00dfwein<br>Matthias Fischer<br>Jonas Frey<br>Titus Gschwind<br>Christina Hoffmann<br>Johanna Hoffmann<br>Maik Leidner<br>Andreas Verlohner<\/p>\n\n\n\n<h4 class=\"wp-block-heading\">Waldhorn<\/h4>\n\n\n\n<p>Johannes Helm<br>Hannah Stipp<br>Magdalena Thomas<br><\/p>\n<\/div>\n\n\n\n<div class=\"wp-block-column is-layout-flow wp-block-column-is-layout-flow\">\n<h4 class=\"wp-block-heading\">Posaune<\/h4>\n\n\n\n<p>Sebastian Doll<br>Hans-Joachim Hillenbrand<br>Christian Liebel<br>Johann Verlohner<br>Hubert Wolf<\/p>\n\n\n\n<h4 class=\"wp-block-heading\">Tenorhorn\/Bariton<\/h4>\n\n\n\n<p>Peter Doll<br>Amelie Fischer<br>Bernd Fischer<br>Torsten Trauth<\/p>\n\n\n\n<h4 class=\"wp-block-heading\">Tuba<\/h4>\n\n\n\n<p>Adrian R\u00fcdiger<\/p>\n\n\n\n<h4 class=\"wp-block-heading\">Schlagwerk<\/h4>\n\n\n\n<p>Peter Boller<br>Steffen Bummel<br>Peter Doll <br>Lars Kern<br>Luka Loos                <br>Annabelle Mo\u00dfgraber<br>Lukas Schniete<br>Stephan Uthardt<\/p>\n<\/div>\n<\/div>\n\n\n\n<hr class=\"wp-block-separator has-css-opacity\"\/>\n\n\n\n<div style=\"height:34px\" aria-hidden=\"true\" class=\"wp-block-spacer\"><\/div>\n\n\n\n<figure class=\"wp-block-gallery aligncenter has-nested-images columns-default is-cropped wp-block-gallery-1 is-layout-flex wp-block-gallery-is-layout-flex\">\n<figure class=\"wp-block-image size-large\"><img loading=\"lazy\" decoding=\"async\" width=\"1024\" height=\"427\" data-id=\"231\" src=\"https:\/\/mv-hoerdt.de\/wp-content\/uploads\/2020\/06\/bk-IMG_6944u34-1024x427.jpg\" alt=\"\" class=\"wp-image-231\" srcset=\"https:\/\/mv-hoerdt.de\/wp-content\/uploads\/2020\/06\/bk-IMG_6944u34-1024x427.jpg 1024w, https:\/\/mv-hoerdt.de\/wp-content\/uploads\/2020\/06\/bk-IMG_6944u34-300x125.jpg 300w, https:\/\/mv-hoerdt.de\/wp-content\/uploads\/2020\/06\/bk-IMG_6944u34-768x320.jpg 768w, https:\/\/mv-hoerdt.de\/wp-content\/uploads\/2020\/06\/bk-IMG_6944u34-1536x641.jpg 1536w, https:\/\/mv-hoerdt.de\/wp-content\/uploads\/2020\/06\/bk-IMG_6944u34-2048x854.jpg 2048w\" sizes=\"auto, (max-width: 767px) 89vw, (max-width: 1000px) 54vw, (max-width: 1071px) 543px, 580px\" \/><\/figure>\n\n\n\n<figure class=\"wp-block-image size-large\"><img loading=\"lazy\" decoding=\"async\" width=\"2560\" height=\"1209\" data-id=\"637\" src=\"https:\/\/mv-hoerdt.de\/wp-content\/uploads\/2019\/05\/2019_Muttertagskonzert_All_Cut-scaled.gif\" alt=\"\" class=\"wp-image-637\"\/><\/figure>\n\n\n\n<figure class=\"wp-block-image size-large\"><img loading=\"lazy\" decoding=\"async\" width=\"1024\" height=\"683\" data-id=\"499\" src=\"https:\/\/mv-hoerdt.de\/wp-content\/uploads\/2020\/06\/42513286_1891364247612717_4603630369177075712_o-1024x683.jpg\" alt=\"\" class=\"wp-image-499\" srcset=\"https:\/\/mv-hoerdt.de\/wp-content\/uploads\/2020\/06\/42513286_1891364247612717_4603630369177075712_o-1024x683.jpg 1024w, https:\/\/mv-hoerdt.de\/wp-content\/uploads\/2020\/06\/42513286_1891364247612717_4603630369177075712_o-300x200.jpg 300w, https:\/\/mv-hoerdt.de\/wp-content\/uploads\/2020\/06\/42513286_1891364247612717_4603630369177075712_o-768x512.jpg 768w, https:\/\/mv-hoerdt.de\/wp-content\/uploads\/2020\/06\/42513286_1891364247612717_4603630369177075712_o-1536x1024.jpg 1536w, https:\/\/mv-hoerdt.de\/wp-content\/uploads\/2020\/06\/42513286_1891364247612717_4603630369177075712_o.jpg 2048w\" sizes=\"auto, (max-width: 767px) 89vw, (max-width: 1000px) 54vw, (max-width: 1071px) 543px, 580px\" \/><\/figure>\n<\/figure>\n","protected":false},"excerpt":{"rendered":"<p>Querfl\u00f6te Sabine DollLara FischerAndrea Goldt Anna LiebelAnja Wolf Oboe Marlon FischerJasmin Krefter Fagott Francisco Concei\u00e7ao Klarinette Christoph BeckySandra BodensehBarbara DollJakob FosselmannSebastian FuchsBenjamin Kr\u00f6perLaura MoserPatrik We\u00dflingJochen Wolf Bassklarinette Jens Kern Saxophon Lena Armbr\u00fcster (Alt)Elias Fosselmann (Alt) Ralf Gehrlein (Tenor)Julia H\u00f6fer (Alt)Torsten H\u00f6fer (Alt)Clara Stipp (Alt)Laura Werling (Bariton) Trompete\/Fl\u00fcgelhorn Finja Auer Alexander BechtMoritz ButtweilerWolfgang E\u00dfweinMatthias FischerJonas FreyTitus &hellip; <\/p>\n<p class=\"link-more\"><a href=\"https:\/\/mv-hoerdt.de\/?page_id=313\" class=\"more-link\"><span class=\"screen-reader-text\">\u201eBesetzung\u201c <\/span>weiterlesen<\/a><\/p>\n","protected":false},"author":2,"featured_media":0,"parent":0,"menu_order":0,"comment_status":"closed","ping_status":"closed","template":"","meta":{"footnotes":""},"class_list":["post-313","page","type-page","status-publish","hentry"],"_links":{"self":[{"href":"https:\/\/mv-hoerdt.de\/index.php?rest_route=\/wp\/v2\/pages\/313","targetHints":{"allow":["GET"]}}],"collection":[{"href":"https:\/\/mv-hoerdt.de\/index.php?rest_route=\/wp\/v2\/pages"}],"about":[{"href":"https:\/\/mv-hoerdt.de\/index.php?rest_route=\/wp\/v2\/types\/page"}],"author":[{"embeddable":true,"href":"https:\/\/mv-hoerdt.de\/index.php?rest_route=\/wp\/v2\/users\/2"}],"replies":[{"embeddable":true,"href":"https:\/\/mv-hoerdt.de\/index.php?rest_route=%2Fwp%2Fv2%2Fcomments&post=313"}],"version-history":[{"count":42,"href":"https:\/\/mv-hoerdt.de\/index.php?rest_route=\/wp\/v2\/pages\/313\/revisions"}],"predecessor-version":[{"id":2113,"href":"https:\/\/mv-hoerdt.de\/index.php?rest_route=\/wp\/v2\/pages\/313\/revisions\/2113"}],"wp:attachment":[{"href":"https:\/\/mv-hoerdt.de\/index.php?rest_route=%2Fwp%2Fv2%2Fmedia&parent=313"}],"curies":[{"name":"wp","href":"https:\/\/api.w.org\/{rel}","templated":true}]}}