{"id":319,"date":"2020-06-09T11:21:50","date_gmt":"2020-06-09T09:21:50","guid":{"rendered":"https:\/\/mvh-h.de\/?page_id=319"},"modified":"2020-10-24T15:25:28","modified_gmt":"2020-10-24T13:25:28","slug":"dirigent","status":"publish","type":"page","link":"https:\/\/mv-hoerdt.de\/?page_id=319","title":{"rendered":"Dirigent"},"content":{"rendered":"\n<p>Matthias Wolf ist hauptberuflich Studiendirektor f\u00fcr die F\u00e4cher Musik, Mathematik, Informatik und katholische Religionslehre am Johann-Wolfgang-Goethe-Gymnasium in Germersheim. Er ist stellvertretender Schulleiter und u. a. f\u00fcr die Leitung des musikalischen Schwerpunkts zust\u00e4ndig.<\/p>\n\n\n\n<p>Seine musikalische Ausbildung begann Matthias Wolf im Alter von 10 Jahren beim Blasmusiklehrgang des Kreismusikverbandes Germersheim. Im Jahr 2001 besuchte er den C3-Lehrgang f\u00fcr Blasorchesterdirigieren an der BDB-Musikakademie in Staufen, anschlie\u00dfend den berufsbegleitenden Lehrgang &#8222;Leitung von Blasorchestern&#8220; an der Bundesakademie f\u00fcr musikalische Jugendbildung in Trossingen bei Prof. Felix Hauswirth und Prof. Johann M\u00f6senbichler, von dem er anschlie\u00dfend auch privaten Dirigierunterricht erhielt. \u00dcberdies folgten Meisterkurse, Fortbildungen und Hospitationen u.a. bei Felix Hauswirth, Johann M\u00f6senbichler, Isabelle Ruf-Weber, Jan Cober, Douglas Bostock, Bernd Ruf, Kevin Sedatole, Thomas Doss, J\u00fcrgen Weisser und Bernhard Volk. Matthias Wolf nahm am internationalen Juroren-Lehrgang an der Bundesakademie Trossingen teil und erwarb er den Abschluss &#8222;Lizensierter Juror (Experte) der CISM, Division: Konzertmusik&#8220;. Nach weiterf\u00fchrenden fachlichen, musikp\u00e4dagogischen und musikdidaktischen Studien u.a. am Institut f\u00fcr Musikwissenschaft und Musik der Universit\u00e4t in Landau hat er die Pr\u00fcfung f\u00fcr Schulmusik erfolgreich abgelegt.<\/p>\n\n\n\n<p>Bereits im Alter von 17 Jahren begann er mit dem Dirigieren und \u00fcbernahm die musikalische Leitung des Jugendblasorchesters Leimersheim. Aktuell leitet er neben dem Musikverein H\u00f6rdt das\u00a0Sinfonieorchester des Goethe-Gymnasiums Germersheim und das Verbandsblasorchester Germersheim \u2013 ein Projektorchester, welches er 2017 als Verbandsdirigent des Kreismusikverbandes Germersheim ins Leben gerufen hat. Dar\u00fcber hinaus ist er Bundesmusikdirektor des Bundes Deutscher Blasmusikverb\u00e4nde (BDB).\u00a0 Er ist regelm\u00e4\u00dfig als Dozent und Lehrgangsleiter an der BDB-Musikakademie in Staufen, als Gastdozent an der Bundesakademie Trossingen im Rahmen von Projekten der Deutschen Bl\u00e4serjugend sowie als Juror bei Wertungsspielen und Wettbewerben t\u00e4tig.<\/p>\n\n\n\n<p>Seit M\u00e4rz 2012 ist Matthias Wolf Dirigent des Blasorchesters im Musikverein \u201eHarmonie&#8220; H\u00f6rdt.<\/p>\n\n\n\n<div style=\"height:34px\" aria-hidden=\"true\" class=\"wp-block-spacer\"><\/div>\n\n\n\n<div class=\"wp-block-columns is-layout-flex wp-container-core-columns-is-layout-9d6595d7 wp-block-columns-is-layout-flex\">\n<div class=\"wp-block-column is-layout-flow wp-block-column-is-layout-flow\" style=\"flex-basis:33.33%\">\n<div class=\"wp-block-image\"><figure class=\"aligncenter size-large is-resized\"><img loading=\"lazy\" decoding=\"async\" src=\"https:\/\/mv-hoerdt.de\/wp-content\/uploads\/2020\/06\/Wolfgang-und-Matthias-c-Wigand-Schneiderheinze-1020x1024.jpg\" alt=\"\" class=\"wp-image-400\" width=\"219\" height=\"219\" srcset=\"https:\/\/mv-hoerdt.de\/wp-content\/uploads\/2020\/06\/Wolfgang-und-Matthias-c-Wigand-Schneiderheinze-1020x1024.jpg 1020w, https:\/\/mv-hoerdt.de\/wp-content\/uploads\/2020\/06\/Wolfgang-und-Matthias-c-Wigand-Schneiderheinze-300x300.jpg 300w, https:\/\/mv-hoerdt.de\/wp-content\/uploads\/2020\/06\/Wolfgang-und-Matthias-c-Wigand-Schneiderheinze-400x400.jpg 400w, https:\/\/mv-hoerdt.de\/wp-content\/uploads\/2020\/06\/Wolfgang-und-Matthias-c-Wigand-Schneiderheinze-768x771.jpg 768w, https:\/\/mv-hoerdt.de\/wp-content\/uploads\/2020\/06\/Wolfgang-und-Matthias-c-Wigand-Schneiderheinze-1530x1536.jpg 1530w, https:\/\/mv-hoerdt.de\/wp-content\/uploads\/2020\/06\/Wolfgang-und-Matthias-c-Wigand-Schneiderheinze-2040x2048.jpg 2040w, https:\/\/mv-hoerdt.de\/wp-content\/uploads\/2020\/06\/Wolfgang-und-Matthias-c-Wigand-Schneiderheinze-100x100.jpg 100w\" sizes=\"auto, (max-width: 219px) 100vw, 219px\" \/><\/figure><\/div>\n<\/div>\n\n\n\n<div class=\"wp-block-column is-layout-flow wp-block-column-is-layout-flow\" style=\"flex-basis:66.66%\">\n<div class=\"wp-block-image\"><figure class=\"aligncenter size-large\"><img loading=\"lazy\" decoding=\"async\" width=\"2560\" height=\"1156\" src=\"https:\/\/mv-hoerdt.de\/wp-content\/uploads\/2020\/06\/IMG_9539-40-SchildMk-scaled.jpg\" alt=\"\" class=\"wp-image-554\" srcset=\"https:\/\/mv-hoerdt.de\/wp-content\/uploads\/2020\/06\/IMG_9539-40-SchildMk-scaled.jpg 2560w, https:\/\/mv-hoerdt.de\/wp-content\/uploads\/2020\/06\/IMG_9539-40-SchildMk-300x136.jpg 300w\" sizes=\"auto, (max-width: 767px) 89vw, (max-width: 1000px) 54vw, (max-width: 1071px) 543px, 580px\" \/><\/figure><\/div>\n<\/div>\n<\/div>\n\n\n\n<p><a rel=\"noreferrer noopener\" href=\"https:\/\/www.matthwolf.de\/\" target=\"_blank\">Zur Homepage von Matthias Wolf<\/a><\/p>\n\n\n\n<div style=\"height:47px\" aria-hidden=\"true\" class=\"wp-block-spacer\"><\/div>\n\n\n\n<hr class=\"wp-block-separator\"\/>\n\n\n\n<h2 class=\"wp-block-heading\">Die Dirigenten der Musikkapelle\/ des Orchesters:<\/h2>\n\n\n\n<figure class=\"wp-block-image size-large\"><img loading=\"lazy\" decoding=\"async\" width=\"827\" height=\"1024\" src=\"https:\/\/mv-hoerdt.de\/wp-content\/uploads\/2020\/08\/Dirigenten-827x1024.png\" alt=\"\" class=\"wp-image-1049\" srcset=\"https:\/\/mv-hoerdt.de\/wp-content\/uploads\/2020\/08\/Dirigenten-827x1024.png 827w, https:\/\/mv-hoerdt.de\/wp-content\/uploads\/2020\/08\/Dirigenten-242x300.png 242w, https:\/\/mv-hoerdt.de\/wp-content\/uploads\/2020\/08\/Dirigenten-768x951.png 768w, https:\/\/mv-hoerdt.de\/wp-content\/uploads\/2020\/08\/Dirigenten.png 1041w\" sizes=\"auto, (max-width: 767px) 89vw, (max-width: 1000px) 54vw, (max-width: 1071px) 543px, 580px\" \/><\/figure>\n","protected":false},"excerpt":{"rendered":"<p>Matthias Wolf ist hauptberuflich Studiendirektor f\u00fcr die F\u00e4cher Musik, Mathematik, Informatik und katholische Religionslehre am Johann-Wolfgang-Goethe-Gymnasium in Germersheim. Er ist stellvertretender Schulleiter und u. a. f\u00fcr die Leitung des musikalischen Schwerpunkts zust\u00e4ndig. Seine musikalische Ausbildung begann Matthias Wolf im Alter von 10 Jahren beim Blasmusiklehrgang des Kreismusikverbandes Germersheim. Im Jahr 2001 besuchte er den C3-Lehrgang &hellip; <\/p>\n<p class=\"link-more\"><a href=\"https:\/\/mv-hoerdt.de\/?page_id=319\" class=\"more-link\"><span class=\"screen-reader-text\">\u201eDirigent\u201c <\/span>weiterlesen<\/a><\/p>\n","protected":false},"author":2,"featured_media":0,"parent":0,"menu_order":0,"comment_status":"closed","ping_status":"closed","template":"","meta":{"footnotes":""},"class_list":["post-319","page","type-page","status-publish","hentry"],"_links":{"self":[{"href":"https:\/\/mv-hoerdt.de\/index.php?rest_route=\/wp\/v2\/pages\/319","targetHints":{"allow":["GET"]}}],"collection":[{"href":"https:\/\/mv-hoerdt.de\/index.php?rest_route=\/wp\/v2\/pages"}],"about":[{"href":"https:\/\/mv-hoerdt.de\/index.php?rest_route=\/wp\/v2\/types\/page"}],"author":[{"embeddable":true,"href":"https:\/\/mv-hoerdt.de\/index.php?rest_route=\/wp\/v2\/users\/2"}],"replies":[{"embeddable":true,"href":"https:\/\/mv-hoerdt.de\/index.php?rest_route=%2Fwp%2Fv2%2Fcomments&post=319"}],"version-history":[{"count":20,"href":"https:\/\/mv-hoerdt.de\/index.php?rest_route=\/wp\/v2\/pages\/319\/revisions"}],"predecessor-version":[{"id":1202,"href":"https:\/\/mv-hoerdt.de\/index.php?rest_route=\/wp\/v2\/pages\/319\/revisions\/1202"}],"wp:attachment":[{"href":"https:\/\/mv-hoerdt.de\/index.php?rest_route=%2Fwp%2Fv2%2Fmedia&parent=319"}],"curies":[{"name":"wp","href":"https:\/\/api.w.org\/{rel}","templated":true}]}}