{"id":322,"date":"2020-06-09T11:21:50","date_gmt":"2020-06-09T09:21:50","guid":{"rendered":"https:\/\/mvh-h.de\/?page_id=322"},"modified":"2020-08-28T17:15:15","modified_gmt":"2020-08-28T15:15:15","slug":"ausbildung","status":"publish","type":"page","link":"https:\/\/mv-hoerdt.de\/?page_id=322","title":{"rendered":"Ausbildung"},"content":{"rendered":"\n<p>Der Musikverein \u201eHarmonie\u201c H\u00f6rdt bildet interessierte Kinder, Jugendliche und Erwachsene an zahlreichen Blasinstrumenten und am Schlagwerk aus. Unsere Ausbilder*innen stammen aus den eigenen Reihen im Verein und wir arbeiten mit vielen erfahrenen und qualifizierten Instrumentallehrer*innen aus der Region zusammen.<\/p>\n\n\n\n<p>Einmal im Jahr l\u00e4dt der Verein zu \u201eMut zum Tuuut\u201c ein. Hier k\u00f6nnen alle Interessierten sich an den Instrumenten ihrer Wahl probieren und sich \u00fcber die Instrumente sowie die Ausbildung im Musikverein H\u00f6rdt informieren.<\/p>\n\n\n\n<p>Falls Sie Interesse an der Instrumentalausbildung im Musikverein H\u00f6rdt haben oder gerne einmal verschiedene Instrumente ausprobieren m\u00f6chten, vereinbaren wir gerne mit Ihnen einen Termin. Melden Sie sich einfach bei unserem Jugendleiter Adrian R\u00fcdiger (<a href=\"mailto:a.ruediger@mv-hoerdt.de\">a.ruediger@mv-hoerdt.de<\/a>) oder bei unserem Vereinsvorsitzenden Wolfgang E\u00dfwein (<a href=\"mailto:w.esswein@mv-hoerdt.de\">w.esswein@mv-hoerdt.de<\/a>).<\/p>\n","protected":false},"excerpt":{"rendered":"<p>Der Musikverein \u201eHarmonie\u201c H\u00f6rdt bildet interessierte Kinder, Jugendliche und Erwachsene an zahlreichen Blasinstrumenten und am Schlagwerk aus. Unsere Ausbilder*innen stammen aus den eigenen Reihen im Verein und wir arbeiten mit vielen erfahrenen und qualifizierten Instrumentallehrer*innen aus der Region zusammen. Einmal im Jahr l\u00e4dt der Verein zu \u201eMut zum Tuuut\u201c ein. Hier k\u00f6nnen alle Interessierten sich &hellip; <\/p>\n<p class=\"link-more\"><a href=\"https:\/\/mv-hoerdt.de\/?page_id=322\" class=\"more-link\"><span class=\"screen-reader-text\">\u201eAusbildung\u201c <\/span>weiterlesen<\/a><\/p>\n","protected":false},"author":2,"featured_media":0,"parent":0,"menu_order":0,"comment_status":"closed","ping_status":"closed","template":"","meta":{"footnotes":""},"class_list":["post-322","page","type-page","status-publish","hentry"],"_links":{"self":[{"href":"https:\/\/mv-hoerdt.de\/index.php?rest_route=\/wp\/v2\/pages\/322","targetHints":{"allow":["GET"]}}],"collection":[{"href":"https:\/\/mv-hoerdt.de\/index.php?rest_route=\/wp\/v2\/pages"}],"about":[{"href":"https:\/\/mv-hoerdt.de\/index.php?rest_route=\/wp\/v2\/types\/page"}],"author":[{"embeddable":true,"href":"https:\/\/mv-hoerdt.de\/index.php?rest_route=\/wp\/v2\/users\/2"}],"replies":[{"embeddable":true,"href":"https:\/\/mv-hoerdt.de\/index.php?rest_route=%2Fwp%2Fv2%2Fcomments&post=322"}],"version-history":[{"count":4,"href":"https:\/\/mv-hoerdt.de\/index.php?rest_route=\/wp\/v2\/pages\/322\/revisions"}],"predecessor-version":[{"id":1124,"href":"https:\/\/mv-hoerdt.de\/index.php?rest_route=\/wp\/v2\/pages\/322\/revisions\/1124"}],"wp:attachment":[{"href":"https:\/\/mv-hoerdt.de\/index.php?rest_route=%2Fwp%2Fv2%2Fmedia&parent=322"}],"curies":[{"name":"wp","href":"https:\/\/api.w.org\/{rel}","templated":true}]}}