{"id":331,"date":"2020-06-09T11:24:29","date_gmt":"2020-06-09T09:24:29","guid":{"rendered":"https:\/\/mvh-h.de\/?page_id=331"},"modified":"2024-10-11T14:59:50","modified_gmt":"2024-10-11T12:59:50","slug":"jugendleitung","status":"publish","type":"page","link":"https:\/\/mv-hoerdt.de\/?page_id=331","title":{"rendered":"Jugendleitung"},"content":{"rendered":"\n<div class=\"wp-block-group\"><div class=\"wp-block-group__inner-container is-layout-flow wp-block-group-is-layout-flow\">\n<div style=\"height:20px\" aria-hidden=\"true\" class=\"wp-block-spacer\"><\/div>\n\n\n\n<div class=\"wp-block-columns is-layout-flex wp-container-core-columns-is-layout-9d6595d7 wp-block-columns-is-layout-flex\">\n<div class=\"wp-block-column is-layout-flow wp-block-column-is-layout-flow\">\n<h1 class=\"wp-block-heading has-text-align-center\">Adrian R\u00fcdiger<\/h1>\n\n\n\n<p class=\"has-text-align-center\">Jugendleiter<\/p>\n<\/div>\n\n\n\n<div class=\"wp-block-column is-layout-flow wp-block-column-is-layout-flow\">\n<h1 class=\"wp-block-heading has-text-align-center\">Anna Liebel<\/h1>\n\n\n\n<p class=\"has-text-align-center\">stellv. Jugendleiterin<\/p>\n<\/div>\n<\/div>\n\n\n\n<hr class=\"wp-block-separator has-css-opacity\"\/>\n\n\n\n<div class=\"wp-block-columns is-layout-flex wp-container-core-columns-is-layout-9d6595d7 wp-block-columns-is-layout-flex\">\n<div class=\"wp-block-column is-layout-flow wp-block-column-is-layout-flow\">\n<h2 class=\"wp-block-heading has-text-align-center has-medium-font-size\">Hannah Stipp<\/h2>\n\n\n\n<p class=\"has-text-align-center\">Schriftf\u00fchrerin<\/p>\n\n\n\n<h2 class=\"wp-block-heading has-text-align-center has-medium-font-size\">Clara Stipp<\/h2>\n\n\n\n<p class=\"has-text-align-center\">Beisitzerin<\/p>\n\n\n\n<h2 class=\"wp-block-heading has-text-align-center has-medium-font-size\">Lara Fischer<\/h2>\n\n\n\n<p class=\"has-text-align-center\">Beisitzerin<\/p>\n<\/div>\n\n\n\n<div class=\"wp-block-column is-layout-flow wp-block-column-is-layout-flow\">\n<h2 class=\"wp-block-heading has-text-align-center has-medium-font-size\">Alexander Becht<\/h2>\n\n\n\n<p class=\"has-text-align-center\">Kassenwart<\/p>\n\n\n\n<h2 class=\"wp-block-heading has-text-align-center has-medium-font-size\">Jakob Fosselmann<\/h2>\n\n\n\n<p class=\"has-text-align-center\">Beisitzer<\/p>\n\n\n\n<h2 class=\"wp-block-heading has-text-align-center has-medium-font-size\">Lena Armbr\u00fcster<\/h2>\n\n\n\n<p class=\"has-text-align-center\">Beisitzerin<\/p>\n\n\n\n<h2 class=\"wp-block-heading has-text-align-center\">Finja Auer<\/h2>\n\n\n\n<p class=\"has-text-align-center\">Beisitzerin<\/p>\n<\/div>\n\n\n\n<div class=\"wp-block-column is-layout-flow wp-block-column-is-layout-flow\">\n<h2 class=\"wp-block-heading has-text-align-center has-medium-font-size\">Moritz Buttweiler<\/h2>\n\n\n\n<p class=\"has-text-align-center\">Beisitzer<\/p>\n\n\n\n<h2 class=\"wp-block-heading has-text-align-center has-medium-font-size\">Johann Verlohner<\/h2>\n\n\n\n<p class=\"has-text-align-center\">Beisitzer<\/p>\n\n\n\n<h2 class=\"wp-block-heading has-text-align-center has-medium-font-size\">Marlon Fischer<\/h2>\n\n\n\n<p class=\"has-text-align-center\">Beisitzer<\/p>\n<\/div>\n<\/div>\n\n\n\n<hr class=\"wp-block-separator has-css-opacity\"\/>\n\n\n\n<div class=\"wp-block-columns is-layout-flex wp-container-core-columns-is-layout-9d6595d7 wp-block-columns-is-layout-flex\">\n<div class=\"wp-block-column is-layout-flow wp-block-column-is-layout-flow\">\n<h2 class=\"wp-block-heading has-text-align-center\">Elias Fosselmann&nbsp;<\/h2>\n\n\n\n<p class=\"has-text-align-center\">Dirigent JK<\/p>\n<\/div>\n\n\n\n<div class=\"wp-block-column is-layout-flow wp-block-column-is-layout-flow\">\n<h2 class=\"wp-block-heading has-text-align-center\">Wolfgang E\u00dfwein<\/h2>\n\n\n\n<p class=\"has-text-align-center\">Vereinsvorstand<\/p>\n<\/div>\n<\/div>\n\n\n\n<p><\/p>\n<\/div><\/div>\n\n\n\n<hr class=\"wp-block-separator has-css-opacity\"\/>\n\n\n\n<h2 class=\"wp-block-heading\">Jugendleiter<\/h2>\n\n\n\n<figure class=\"wp-block-table\"><table><thead><tr><th>Zeitraum<\/th><th>Jugendleiter<\/th><th>Stellvertreter<\/th><\/tr><\/thead><tbody><tr><td>2017 \u2013 heute<\/td><td>Adrian R\u00fcdiger<\/td><td>Anna Liebel<\/td><\/tr><tr><td>2015 \u2013 2016<\/td><td>Lars Kern<\/td><td>Anna Liebel<\/td><\/tr><tr><td>2011 \u2013 2014<\/td><td>Jens Kern<\/td><td>Adrian R\u00fcdiger<\/td><\/tr><tr><td>2007 \u2013 2010<\/td><td>Matthias Fischer<\/td><td>Magdalena Kopf<\/td><\/tr><tr><td>2005 \u2013 2006<\/td><td>Steffen Bummel<\/td><td>Matthias Fischer<\/td><\/tr><tr><td>2003 \u2013 2004<\/td><td>Matthias Fischer<\/td><td>Jonas Schira<\/td><\/tr><tr><td>2001 \u2013 2002<\/td><td>Sebastian Fuchs<\/td><td>Barbara Doll<\/td><\/tr><tr><td>1999 \u2013 2000<\/td><td>Wolfgang E\u00dfwein<\/td><td>Sebastian Fuchs<\/td><\/tr><tr><td>1995 \u2013 1998<\/td><td>Wolfgang E\u00dfwein<\/td><td>Torsten H\u00f6fer<\/td><\/tr><tr><td>1993 \u2013 1994<\/td><td>Wolfgang E\u00dfwein<\/td><td>Tobias Verlohner<\/td><\/tr><tr><td>1991 \u2013 1992<\/td><td>Tobias Verlohner<\/td><td>Wolfgang E\u00dfwein<\/td><\/tr><tr><td>1990<\/td><td>Ulrich B\u00fcgel<\/td><td><\/td><\/tr><tr><td>1988 \u2013 1989<\/td><td>Wolfgang Fuchs<\/td><td>Ulrich B\u00fcgel<\/td><\/tr><tr><td>1986 \u2013 1987<\/td><td>Ulrich B\u00fcgel<\/td><td>Ralf H\u00e4nlein<\/td><\/tr><\/tbody><\/table><\/figure>\n","protected":false},"excerpt":{"rendered":"<p>Adrian R\u00fcdiger Jugendleiter Anna Liebel stellv. Jugendleiterin Hannah Stipp Schriftf\u00fchrerin Clara Stipp Beisitzerin Lara Fischer Beisitzerin Alexander Becht Kassenwart Jakob Fosselmann Beisitzer Lena Armbr\u00fcster Beisitzerin Finja Auer Beisitzerin Moritz Buttweiler Beisitzer Johann Verlohner Beisitzer Marlon Fischer Beisitzer Elias Fosselmann&nbsp; Dirigent JK Wolfgang E\u00dfwein Vereinsvorstand Jugendleiter Zeitraum Jugendleiter Stellvertreter 2017 \u2013 heute Adrian R\u00fcdiger Anna Liebel &hellip; <\/p>\n<p class=\"link-more\"><a href=\"https:\/\/mv-hoerdt.de\/?page_id=331\" class=\"more-link\"><span class=\"screen-reader-text\">\u201eJugendleitung\u201c <\/span>weiterlesen<\/a><\/p>\n","protected":false},"author":2,"featured_media":0,"parent":0,"menu_order":0,"comment_status":"closed","ping_status":"closed","template":"","meta":{"footnotes":""},"class_list":["post-331","page","type-page","status-publish","hentry"],"_links":{"self":[{"href":"https:\/\/mv-hoerdt.de\/index.php?rest_route=\/wp\/v2\/pages\/331","targetHints":{"allow":["GET"]}}],"collection":[{"href":"https:\/\/mv-hoerdt.de\/index.php?rest_route=\/wp\/v2\/pages"}],"about":[{"href":"https:\/\/mv-hoerdt.de\/index.php?rest_route=\/wp\/v2\/types\/page"}],"author":[{"embeddable":true,"href":"https:\/\/mv-hoerdt.de\/index.php?rest_route=\/wp\/v2\/users\/2"}],"replies":[{"embeddable":true,"href":"https:\/\/mv-hoerdt.de\/index.php?rest_route=%2Fwp%2Fv2%2Fcomments&post=331"}],"version-history":[{"count":31,"href":"https:\/\/mv-hoerdt.de\/index.php?rest_route=\/wp\/v2\/pages\/331\/revisions"}],"predecessor-version":[{"id":1968,"href":"https:\/\/mv-hoerdt.de\/index.php?rest_route=\/wp\/v2\/pages\/331\/revisions\/1968"}],"wp:attachment":[{"href":"https:\/\/mv-hoerdt.de\/index.php?rest_route=%2Fwp%2Fv2%2Fmedia&parent=331"}],"curies":[{"name":"wp","href":"https:\/\/api.w.org\/{rel}","templated":true}]}}