{"id":337,"date":"2020-06-09T11:27:09","date_gmt":"2020-06-09T09:27:09","guid":{"rendered":"https:\/\/mvh-h.de\/?page_id=337"},"modified":"2023-06-07T11:16:35","modified_gmt":"2023-06-07T09:16:35","slug":"jugendkapelle","status":"publish","type":"page","link":"https:\/\/mv-hoerdt.de\/?page_id=337","title":{"rendered":"Jugendkapelle"},"content":{"rendered":"\n<p>Unter der Leitung unseres Dirigenten Elias Fosselmann besteht unser Jugendorchester aktuell aus ca. 20 Musikern.<\/p>\n\n\n\n<p>Die Jugendkapelle nimmt vor allem Jungmusiker*innen auf, die bereits ca. 2-3 Jahre in Ausbildung sind. Das Alter spielt keine gro\u00dfe Rolle! \u201eJugend\u201c in Jugendkapelle bezieht sich n\u00e4mlich nicht nur auf das Alter, sondern bedeutet auch \u201ejunggeblieben\u201c.<\/p>\n\n\n\n<p>Unser musikalisches Repertoire ist sehr unterschiedlich. Bei St\u00fccken wie \u201eProbier\u2019s mal mit Gem\u00fctlichkeit\u201c, \u201e La Bamba\u201c oder \u201eSway\u201c kommt bei unseren Sommerauftritten unterhaltsame Stimmung auf. F\u00fcr unsere Jugendkonzerte \u00fcben wir jedoch auch l\u00e4ngere konzertante Werke ein.<\/p>\n\n\n\n<p>Die Auftritte und Konzerte verteilen sich \u00fcber das ganze Jahr. Im Sommer spielen wir auf den Musikfesten unseres eigenen Vereins oder befreundeter Musikvereine. Bei unseren Jugendkonzerten, sowie beim allj\u00e4hrlichen Jugendvorspiel, kann die Jugendkapelle ihr K\u00f6nnen pr\u00e4sentieren.<\/p>\n\n\n\n<p>Aktuell probt die Jugendkapelle immer freitags von 18:00 bis 19:00 Uhr.<\/p>\n\n\n\n<h2 class=\"wp-block-heading\">Dirigenten der Jugendkapelle<\/h2>\n\n\n\n<figure class=\"wp-block-table\"><table><thead><tr><th>Zeitraum ab<\/th><th>Dirigent<\/th><\/tr><\/thead><tbody><tr><td>Jul. 2022<\/td><td>Elias Fosselmann<\/td><\/tr><tr><td>Nov. 2015<\/td><td>Lara Fischer<\/td><\/tr><tr><td>Mai 2015<\/td><td>Patricia Becker<\/td><\/tr><tr><td>Aug. 2011<\/td><td>Adrian R\u00fcdiger<\/td><\/tr><tr><td>Juli 2008<\/td><td>Tobias Verlohner<\/td><\/tr><tr><td>Mai 2006<\/td><td>Jonas Schira<\/td><\/tr><tr><td>Nov. 1999<\/td><td>Tobias Verlohner<\/td><\/tr><tr><td>Jan. 1995<\/td><td>Stefan Grefig<\/td><\/tr><tr><td>Aug. 1990<\/td><td>J\u00fcrgen Leicht<\/td><\/tr><tr><td>Jan. 1988<\/td><td>Ralf H\u00e4nlein<\/td><\/tr><tr><td>Nov. 1983<\/td><td>J\u00f6rg Schlo\u00df<\/td><\/tr><\/tbody><\/table><\/figure>\n","protected":false},"excerpt":{"rendered":"<p>Unter der Leitung unseres Dirigenten Elias Fosselmann besteht unser Jugendorchester aktuell aus ca. 20 Musikern. Die Jugendkapelle nimmt vor allem Jungmusiker*innen auf, die bereits ca. 2-3 Jahre in Ausbildung sind. Das Alter spielt keine gro\u00dfe Rolle! \u201eJugend\u201c in Jugendkapelle bezieht sich n\u00e4mlich nicht nur auf das Alter, sondern bedeutet auch \u201ejunggeblieben\u201c. Unser musikalisches Repertoire ist &hellip; <\/p>\n<p class=\"link-more\"><a href=\"https:\/\/mv-hoerdt.de\/?page_id=337\" class=\"more-link\"><span class=\"screen-reader-text\">\u201eJugendkapelle\u201c <\/span>weiterlesen<\/a><\/p>\n","protected":false},"author":2,"featured_media":0,"parent":0,"menu_order":0,"comment_status":"closed","ping_status":"closed","template":"","meta":{"footnotes":""},"class_list":["post-337","page","type-page","status-publish","hentry"],"_links":{"self":[{"href":"https:\/\/mv-hoerdt.de\/index.php?rest_route=\/wp\/v2\/pages\/337","targetHints":{"allow":["GET"]}}],"collection":[{"href":"https:\/\/mv-hoerdt.de\/index.php?rest_route=\/wp\/v2\/pages"}],"about":[{"href":"https:\/\/mv-hoerdt.de\/index.php?rest_route=\/wp\/v2\/types\/page"}],"author":[{"embeddable":true,"href":"https:\/\/mv-hoerdt.de\/index.php?rest_route=\/wp\/v2\/users\/2"}],"replies":[{"embeddable":true,"href":"https:\/\/mv-hoerdt.de\/index.php?rest_route=%2Fwp%2Fv2%2Fcomments&post=337"}],"version-history":[{"count":6,"href":"https:\/\/mv-hoerdt.de\/index.php?rest_route=\/wp\/v2\/pages\/337\/revisions"}],"predecessor-version":[{"id":1701,"href":"https:\/\/mv-hoerdt.de\/index.php?rest_route=\/wp\/v2\/pages\/337\/revisions\/1701"}],"wp:attachment":[{"href":"https:\/\/mv-hoerdt.de\/index.php?rest_route=%2Fwp%2Fv2%2Fmedia&parent=337"}],"curies":[{"name":"wp","href":"https:\/\/api.w.org\/{rel}","templated":true}]}}